{"id":364,"date":"2020-11-30T15:43:54","date_gmt":"2020-11-30T12:43:54","guid":{"rendered":"https:\/\/www.er-met.com\/?post_type=product&#038;p=364"},"modified":"2024-10-09T13:25:05","modified_gmt":"2024-10-09T10:25:05","slug":"plastik-tel-aparat-80-cm","status":"publish","type":"product","link":"https:\/\/www.er-met.com\/en\/urun\/plastik-tel-aparat-80-cm\/","title":{"rendered":"80 CM DAMP MOP FRAME WIRE"},"content":{"rendered":"<p class=\"qtranxs-available-languages-message qtranxs-available-languages-message-en\">Sorry, this entry is only available in <a href=\"https:\/\/www.er-met.com\/tr\/wp-json\/wp\/v2\/product\/364\" class=\"qtranxs-available-language-link qtranxs-available-language-link-tr\" title=\"TR\">TR<\/a>. For the sake of viewer convenience, the content is shown below in the alternative language. You may click the link to switch the active language.<\/p><p>Tek par\u00e7a \u00fcr\u00fcnden olu\u015fan %100 yerli \u00fcretimi\u00a0<b>temizlik gere\u00e7leri<\/b>\u00a0bir\u00e7ok alanlarda kullan\u0131ma uygundur.\u00a0<b>Tel mop aparat\u0131<\/b>\u00a0d\u0131\u015f mekanlarda kullan\u0131ma uygundur. Mop aparat\u0131na takaca\u011f\u0131n\u0131z nemli ve orlon mop paspaslar i\u00e7in uygun tutucu aparat g\u00f6revi g\u00f6rerek, yerdeki toz ve kirlerin temizlenmesinde en iyi yard\u0131mc\u0131n\u0131z olacakt\u0131r.<\/p>","protected":false},"excerpt":{"rendered":"<p>Sorry, this entry is only available in TR. For the sake of viewer convenience, the content is shown below in the alternative language. You may click the link to switch the active language.Tek par\u00e7a \u00fcr\u00fcnden olu\u015fan %100 yerli \u00fcretimi\u00a0temizlik gere\u00e7leri\u00a0bir\u00e7ok alanlarda kullan\u0131ma uygundur.\u00a0Tel mop aparat\u0131\u00a0d\u0131\u015f mekanlarda kullan\u0131ma uygundur. Mop aparat\u0131na takaca\u011f\u0131n\u0131z nemli ve orlon mop &hellip; <\/p>\n<p class=\"link-more\"><a href=\"https:\/\/www.er-met.com\/en\/urun\/plastik-tel-aparat-80-cm\/\" class=\"more-link\">Continue reading<span class=\"screen-reader-text\"> &#8220;80 CM DAMP MOP FRAME WIRE&#8221;<\/span><\/a><\/p>\n","protected":false},"featured_media":615,"template":"","meta":[],"class_list":["post-364","product","type-product","status-publish","has-post-thumbnail","hentry","product_cat-mop-frame-group","product_cat-damp-mop-holder"],"aioseo_notices":[],"_links":{"self":[{"href":"https:\/\/www.er-met.com\/en\/wp-json\/wp\/v2\/product\/364"}],"collection":[{"href":"https:\/\/www.er-met.com\/en\/wp-json\/wp\/v2\/product"}],"about":[{"href":"https:\/\/www.er-met.com\/en\/wp-json\/wp\/v2\/types\/product"}],"wp:featuredmedia":[{"embeddable":true,"href":"https:\/\/www.er-met.com\/en\/wp-json\/wp\/v2\/media\/615"}],"wp:attachment":[{"href":"https:\/\/www.er-met.com\/en\/wp-json\/wp\/v2\/media?parent=364"}],"curies":[{"name":"wp","href":"https:\/\/api.w.org\/{rel}","templated":true}]}}